{"id":87,"date":"2020-08-18T14:59:21","date_gmt":"2020-08-18T14:59:21","guid":{"rendered":"http:\/\/clubbasquetvic.cat\/?page_id=87"},"modified":"2020-08-18T20:37:23","modified_gmt":"2020-08-18T20:37:23","slug":"politica-de-cookies","status":"publish","type":"page","link":"https:\/\/clubbasquetvic.cat\/index.php\/politica-de-cookies\/","title":{"rendered":"Pol\u00edtica de cookies"},"content":{"rendered":"\n<h1 class=\"wp-block-heading\">Pol\u00edtica de cookies<\/h1>\n\n\n\n<p><strong>Qu\u00e8 s\u00f3n les cookies?<\/strong><\/p>\n\n\n\n<p>Les cookies s\u00f3n petits arxius de dades que es reben en el terminal des del lloc web visitat i s\u2019usen per registrar certes interaccions de la navegaci\u00f3 en un lloc web emmagatzemant dades que podran ser actualitzats i recuperats. Aquests arxius s\u2019emmagatzemen a l\u2019ordinador de l\u2019usuari i contenen dades an\u00f2nimes que no s\u00f3n perjudicials per al seu equip. S\u2019utilitzen per recordar les prefer\u00e8ncies de l\u2019usuari, com l\u2019idioma seleccionat, dades d\u2019acc\u00e9s o personalitzaci\u00f3 de la p\u00e0gina.<\/p>\n\n\n\n<p>Les cookies tamb\u00e9 poden ser utilitzades per registrar informaci\u00f3 an\u00f2nima sobre com un visitant utilitza un lloc. Per exemple, des de quin p\u00e0gina web ha accedit, o si ha utilitzat un \u201cbanner\u201d publicitari per arribar-hi.<\/p>\n\n\n\n<p><strong>Per qu\u00e8 utilitzem cookies?<\/strong><\/p>\n\n\n\n<p>El Club B\u00e0squet Vic utilitza en el nostre lloc web les cookies estrictament necess\u00e0ries i essencials per tal que permetin a l&#8217;usurai moure&#8217;s lliurement, utilitzar \u00e0rees segures, opcions personalitzades, etc.<\/p>\n\n\n\n<p>A m\u00e9s, el Club B\u00e0squet Vic utilitza cookies que recullen dades relatives a l\u2019an\u00e0lisi d\u2019\u00fas de la web. Aquestes s\u2019utilitzen per ajudar a millorar el servei al client, mesurant l\u2019\u00fas i el rendiment de la p\u00e0gina, per optimitzar-la i personalitzar-la.<\/p>\n\n\n\n<p>Els nostres llocs tamb\u00e9 poden tenir enlla\u00e7os de xarxes socials (com Facebook o Twitter). El Club B\u00e0squet Vic no controla les cookies utilitzades per aquestes webs externes. Per a m\u00e9s informaci\u00f3 sobre les cookies de les xarxes socials o altres webs alienes, aconsellem revisar les seves pr\u00f2pies pol\u00edtiques de galetes.<\/p>\n\n\n\n<p>Aquest lloc web utilitza \u201ccookies\u201d de la seg\u00fcent manera:<\/p>\n\n\n\n<p><em><strong>Cookie de Google ANALYTICS:<\/strong><\/em>&nbsp;Google ANALYTICS \u00e9s un servei gratu\u00eft que ofereix Google Inc. i que recull informaci\u00f3 sobre les p\u00e0gines del web consultades, a quina hora, quin navegador web, etc. Posteriorment, aquesta informaci\u00f3 s\u2019envia als servidors de Google Inc. als Estats Units.<\/p>\n\n\n\n<p><em><strong>Galetes d\u2019aplicaci\u00f3 \u201cAdd-this\u201d:<\/strong>&nbsp;<\/em>Add-this \u00e9s un servei gratu\u00eft que permet compartir p\u00e0gines d\u2019aquest lloc web per diferents mitjans (correu electr\u00f2nic, xarxes socials, etc.). Add-his recull informaci\u00f3 estad\u00edstica de la navegaci\u00f3 per proporcionar publicitat adaptada  sesegons els h\u00e0bits de navegaci\u00f3 de l&#8217;usuari en aquest lloc web o en qualsevol altre lloc.<\/p>\n\n\n\n<p><strong>Quin \u00fas li donem als diferents tipus de cookies?<\/strong><\/p>\n\n\n\n<p>Segons la seva finalitat:<\/p>\n\n\n\n<p><span><strong style=\"font-style: italic;\">Cookies t\u00e8cniques:<\/strong><i>&nbsp;<\/i><\/span>Les cookiess t\u00e8cniques s\u00f3n aquelles imprescindibles i estrictament necess\u00e0ries per al correcte funcionament d\u2019un portal web i la utilitzaci\u00f3 de les diferents opcions i serveis que ofereix. Per exemple, les que serveixen per al manteniment de la sessi\u00f3, la gesti\u00f3 del temps de resposta, rendiment o validaci\u00f3 d\u2019opcions, utilitzar elements de seguretat, compartir contingut amb xarxes socials, etc.<\/p>\n\n\n\n<p><em><strong>Cookies de personalitzaci\u00f3:<\/strong><\/em>&nbsp;Aquestes cookies permeten a l\u2019usuari especificar o personalitzar algunes caracter\u00edstiques de les opcions generals de la p\u00e0gina web, per exemple, definir l\u2019idioma, configuraci\u00f3 regional o tipus de navegador.<\/p>\n\n\n\n<p><em><strong>Cookies anal\u00edtiques:<\/strong>&nbsp;<\/em>Les cookies anal\u00edtiques s\u00f3n les utilitzades pel nostre portal web, per elaborar perfils navegaci\u00f3 i poder con\u00e8ixer les prefer\u00e8ncies dels usuaris del mateix per tal de millorar l\u2019oferta de productes i serveis. Per exemple, mitjan\u00e7ant una cookie anal\u00edtica es controlarien les \u00e0rees geogr\u00e0fiques de major inter\u00e8s d\u2019un usuari, quin \u00e9s el producte de m\u00e9s acceptaci\u00f3, etc.<\/p>\n\n\n\n<p><em><strong>Cookies publicit\u00e0ries\/de publicitat:<\/strong>&nbsp;<\/em>Les cookies publicit\u00e0ries permeten la gesti\u00f3 dels espais publicitaris en base a criteris concrets. Per exemple, la freq\u00fc\u00e8ncia d\u2019acc\u00e9s, el contingut editat, etc. Les cookies de publicitat permeten a trav\u00e9s de la gesti\u00f3 de la publicitat emmagatzemar informaci\u00f3 del comportament a trav\u00e9s de l\u2019observaci\u00f3 d\u2019h\u00e0bits, estudiant els accessos i formant un perfil de prefer\u00e8ncies de l\u2019usuari, per oferir publicitat relacionada amb els interessos del seu perfil.<\/p>\n\n\n\n<p>Segons termini:<\/p>\n\n\n\n<p><em><strong>Cookies de sessi\u00f3:<\/strong>&nbsp;<\/em>Les cookies de sessi\u00f3 s\u00f3n aquelles que duren el temps que l\u2019usuari est\u00e0 navegant per la p\u00e0gina web i s\u2019esborren al finalitzar la navegaci\u00f3.<\/p>\n\n\n\n<p><em><strong>Cookies persistents:<\/strong><\/em>&nbsp;Aquestes cookies queden emmagatzemades en el terminal de l\u2019usuari, per un temps m\u00e9s llarg, facilitant aix\u00ed el control de les opcions indicades sense haver de repetir certs par\u00e0metres cada vegada que es visiti el lloc web.<\/p>\n\n\n\n<p><strong>I si no vull tenir aquestes cookies o no faig res al respecte?<\/strong><\/p>\n\n\n\n<p>Per complir amb la legislaci\u00f3 vigent, hem de demanar el seu perm\u00eds per gestionar cookies. Si decideix no autoritzar el tractament indicant la no conformitat, nom\u00e9s utilitzar\u00edem les cookies t\u00e8cniques, ja que s\u00f3n imprescindibles per a la navegaci\u00f3 per la nostra web. En aquest cas, no s\u2019emmagatzema cap cookie. En el cas de seguir navegant pel nostre lloc web sense denegar la seva autoritzaci\u00f3 implica que accepta el seu \u00fas.<\/p>\n\n\n\n<p>Recordi que si rebutja o esborra les cookies de navegaci\u00f3 per la Web, no podrem mantenir les seves prefer\u00e8ncies, algunes caracter\u00edstiques de les p\u00e0gines no estaran operatives, no podrem oferir-li serveis personalitzats i cada vegada que vagi a navegar per la nostra web haurem de sol\u00b7licitar de nou la seva autoritzaci\u00f3 per a l\u2019\u00fas de cookies.<\/p>\n\n\n\n<p>Si tot i aix\u00ed, decideix modificar la configuraci\u00f3 del seu acc\u00e9s a la p\u00e0gina web, ha de saber que \u00e9s possible eliminar les galetes o impedir que es registri aquesta informaci\u00f3 al seu equip en qualsevol moment mitjan\u00e7ant la modificaci\u00f3 dels par\u00e0metres de configuraci\u00f3 del seu navegador:<\/p>\n\n\n\n<p><a href=\"https:\/\/support.microsoft.com\/es-es\/help\/17442\/windows-internet-explorer-delete-manage-cookies\">Configuraci\u00f3 de cookies d\u2019Internet Explorer.<\/a><br><a href=\"https:\/\/support.mozilla.org\/es\/kb\/habilitar-y-deshabilitar-cookies-sitios-web-rastrear-preferencias\">Configuraci\u00f3 de cookies del Firefox.<\/a><br><a href=\"https:\/\/support.google.com\/chrome\/answer\/95647?co=GENIE.Platform%3DDesktop&amp;hl=ca\">Configuraci\u00f3 de cookies de Google Chrome.<\/a><br><a href=\"https:\/\/support.apple.com\/ca-es\/guide\/safari\/sfri11471\/mac\">Configuraci\u00f3 de cookies de Safari.<\/a><\/p>\n\n\n\n<p>Aquests navegadors estan sotmesos a canvis o modificacions, pel que no podem garantir que s\u2019ajustin completament a la versi\u00f3 del seu navegador. Tamb\u00e9 pot ser que utilitzi un altre navegador no contemplat en aquests enlla\u00e7os com ara Konqueror, Arora, Flock, etc.<\/p>\n\n\n\n<p>Per evitar aquests desajustos, pot accedir directament des de les opcions del seu navegador que es troba generalment al men\u00fa d\u2019Opcions, a la secci\u00f3 de \u201cPrivadesa\u201d. (Si us plau, consulti l\u2019ajuda del seu navegador per a m\u00e9s informaci\u00f3.)<\/p>\n\n\n\n<p><strong>On puc obtenir m\u00e9s informaci\u00f3?<\/strong><\/p>\n\n\n\n<p>Podeu trobar m\u00e9s informaci\u00f3 sobre cookies a: www.allaboutcookies.org o www.youronlinechoices.eu.<\/p>\n","protected":false},"excerpt":{"rendered":"<p>Pol\u00edtica de cookies Qu\u00e8 s\u00f3n les cookies? Les cookies s\u00f3n petits arxius de dades que es reben en el terminal des del lloc web visitat i s\u2019usen per registrar certes interaccions de la navegaci\u00f3 en un lloc web emmagatzemant dades que podran ser actualitzats i recuperats. Aquests arxius s\u2019emmagatzemen a l\u2019ordinador de l\u2019usuari i contenen &hellip; <\/p>\n<p class=\"link-more\"><a href=\"https:\/\/clubbasquetvic.cat\/index.php\/politica-de-cookies\/\" class=\"more-link\">Continuar leyendo<span class=\"screen-reader-text\"> \u00abPol\u00edtica de cookies\u00bb<\/span><\/a><\/p>\n","protected":false},"author":1,"featured_media":0,"parent":0,"menu_order":0,"comment_status":"closed","ping_status":"closed","template":"","meta":{"footnotes":""},"class_list":["post-87","page","type-page","status-publish","hentry"],"_links":{"self":[{"href":"https:\/\/clubbasquetvic.cat\/index.php\/wp-json\/wp\/v2\/pages\/87"}],"collection":[{"href":"https:\/\/clubbasquetvic.cat\/index.php\/wp-json\/wp\/v2\/pages"}],"about":[{"href":"https:\/\/clubbasquetvic.cat\/index.php\/wp-json\/wp\/v2\/types\/page"}],"author":[{"embeddable":true,"href":"https:\/\/clubbasquetvic.cat\/index.php\/wp-json\/wp\/v2\/users\/1"}],"replies":[{"embeddable":true,"href":"https:\/\/clubbasquetvic.cat\/index.php\/wp-json\/wp\/v2\/comments?post=87"}],"version-history":[{"count":3,"href":"https:\/\/clubbasquetvic.cat\/index.php\/wp-json\/wp\/v2\/pages\/87\/revisions"}],"predecessor-version":[{"id":97,"href":"https:\/\/clubbasquetvic.cat\/index.php\/wp-json\/wp\/v2\/pages\/87\/revisions\/97"}],"wp:attachment":[{"href":"https:\/\/clubbasquetvic.cat\/index.php\/wp-json\/wp\/v2\/media?parent=87"}],"curies":[{"name":"wp","href":"https:\/\/api.w.org\/{rel}","templated":true}]}}