{"id":623,"date":"2026-04-24T10:00:00","date_gmt":"2026-04-24T09:00:00","guid":{"rendered":"http:\/\/clubbasquetvic.cat\/?page_id=623"},"modified":"2026-04-25T18:52:10","modified_gmt":"2026-04-25T17:52:10","slug":"campus-destiu","status":"publish","type":"page","link":"https:\/\/clubbasquetvic.cat\/index.php\/campus-destiu\/","title":{"rendered":"Campus d&#8217;estiu 2026"},"content":{"rendered":"\n<h1 class=\"wp-block-heading\" id=\"accessible-list-7\"><strong>Compartim la passi\u00f3 pel b\u00e0squet!<\/strong><\/h1>\n\n\n\n<p>El<strong> Club B\u00e0squet Femen\u00ed Osona<\/strong> i el <strong>Club B\u00e0squet Vic<\/strong> organitzem conjuntament el campus d\u2019estiu a partir del dilluns 22 de juny per a <strong>nens i nenes nascuts\/des entre 2013 i 2022<\/strong>.<\/p>\n\n\n\n<p>Inscripcions obertes del <strong>24 d\u2019abril al 17 de juny<\/strong><\/p>\n\n\n\n<p>L&#8217;<strong>horari <\/strong>ser\u00e0 de 9:00h. a 13:00h. als pavellons municipals de la ciutat de Vic, amb servei d&#8217;acollida a partir de les 8:30h (avisar per correu electr\u00f2nic a <strong>femeniosona@gmail.com<\/strong>).<\/p>\n\n\n\n<p>L\u2019activitat combinar\u00e0 entrenaments i competicions amb altres activitats multiesportives, jocs de cooperaci\u00f3 i activitats v\u00e0ries que es portaran a terme a la mateixa instal\u00b7laci\u00f3 o als voltants.<\/p>\n\n\n\n<p class=\"has-medium-font-size\"><strong>Setmanes<\/strong><\/p>\n\n\n\n<p>Setmana 1: 22 de juny al 26 de juny<br>Setmana 2: 29 de juny al 3 de juliol<br>Setmana 3: 6 de juliol al 10 de juliol<br>Setmana 4: 13 de juliol al 17 de juliol<br>Setmana 5: 20 de juliol al 24 de juliol<br>Setmana 6: 27 de juliol al 31 de juliol<br>Setmana 7: 24 d\u2019agost al 28 d\u2019agost<br>Setmana 8: 31 d\u2019agost al 4 de setembre<\/p>\n\n\n\n<p class=\"has-medium-font-size\"><strong>Preu<\/strong><\/p>\n\n\n\n<p>1 setmana: 45\u20ac (amb germans\/es 40\u20ac cada un)<br>2 setmanes: 80\u20ac (amb germans\/es 75\u20ac cada un)<br>3 setmanes: 120\u20ac (germans\/es 110\u20ac cada un)<br>4 setmanes: 160\u20ac (germans\/es 145\u20ac cada un)<br>5 setmanes: 200\u20ac (germans\/es 180\u20ac cada un)<br>6 setmanes: 240\u20ac (germans\/es 215\u20ac cada un)<br>7 setmanes: 280\u20ac (germans\/es 245\u20ac cada un)<\/p>\n\n\n\n<p class=\"has-medium-font-size\"><strong>Inscripcions <\/strong>\u200b<\/p>\n\n\n\n<p><a href=\"https:\/\/femeniosona.playoffinformatica.com\/activitat\/89\/CAMPUS-ESTIU-2026\/\" target=\"_blank\" rel=\"noreferrer noopener\">Inscripcions aqu\u00ed<\/a> (a partir del divendres 24 d&#8217;abril)<\/p>\n\n\n\n<p class=\"has-medium-font-size\"><strong>M\u00e9s informaci\u00f3<\/strong><\/p>\n\n\n\n<ul class=\"wp-block-list\">\n<li><strong>femeniosona@gmail.com<\/strong><\/li>\n\n\n\n<li><strong>clubbasquetvic@clubbasquetvic.cat<\/strong> <\/li>\n<\/ul>\n","protected":false},"excerpt":{"rendered":"<p>Compartim la passi\u00f3 pel b\u00e0squet! El Club B\u00e0squet Femen\u00ed Osona i el Club B\u00e0squet Vic organitzem conjuntament el campus d\u2019estiu a partir del dilluns 22 de juny per a nens i nenes nascuts\/des entre 2013 i 2022. Inscripcions obertes del 24 d\u2019abril al 17 de juny L&#8217;horari ser\u00e0 de 9:00h. a 13:00h. als pavellons municipals &hellip; <\/p>\n<p class=\"link-more\"><a href=\"https:\/\/clubbasquetvic.cat\/index.php\/campus-destiu\/\" class=\"more-link\">Continuar leyendo<span class=\"screen-reader-text\"> \u00abCampus d&#8217;estiu 2026\u00bb<\/span><\/a><\/p>\n","protected":false},"author":1,"featured_media":1670,"parent":0,"menu_order":0,"comment_status":"closed","ping_status":"closed","template":"","meta":{"footnotes":""},"class_list":["post-623","page","type-page","status-publish","has-post-thumbnail","hentry"],"_links":{"self":[{"href":"https:\/\/clubbasquetvic.cat\/index.php\/wp-json\/wp\/v2\/pages\/623"}],"collection":[{"href":"https:\/\/clubbasquetvic.cat\/index.php\/wp-json\/wp\/v2\/pages"}],"about":[{"href":"https:\/\/clubbasquetvic.cat\/index.php\/wp-json\/wp\/v2\/types\/page"}],"author":[{"embeddable":true,"href":"https:\/\/clubbasquetvic.cat\/index.php\/wp-json\/wp\/v2\/users\/1"}],"replies":[{"embeddable":true,"href":"https:\/\/clubbasquetvic.cat\/index.php\/wp-json\/wp\/v2\/comments?post=623"}],"version-history":[{"count":35,"href":"https:\/\/clubbasquetvic.cat\/index.php\/wp-json\/wp\/v2\/pages\/623\/revisions"}],"predecessor-version":[{"id":1675,"href":"https:\/\/clubbasquetvic.cat\/index.php\/wp-json\/wp\/v2\/pages\/623\/revisions\/1675"}],"wp:featuredmedia":[{"embeddable":true,"href":"https:\/\/clubbasquetvic.cat\/index.php\/wp-json\/wp\/v2\/media\/1670"}],"wp:attachment":[{"href":"https:\/\/clubbasquetvic.cat\/index.php\/wp-json\/wp\/v2\/media?parent=623"}],"curies":[{"name":"wp","href":"https:\/\/api.w.org\/{rel}","templated":true}]}}