{"id":1415,"date":"2023-09-18T16:40:53","date_gmt":"2023-09-18T15:40:53","guid":{"rendered":"https:\/\/clubbasquetvic.cat\/?page_id=1415"},"modified":"2023-09-20T10:29:43","modified_gmt":"2023-09-20T09:29:43","slug":"reglament-de-regim-intern","status":"publish","type":"page","link":"https:\/\/clubbasquetvic.cat\/index.php\/reglament-de-regim-intern\/","title":{"rendered":"Reglament de r\u00e8gim intern"},"content":{"rendered":"\n<p><\/p>\n\n\n\n<p><strong>Reglament de r\u00e8gim intern<\/strong>  (en vigor des del 27 d&#8217;abril del 2021)<\/p>\n\n\n\n<p><strong>SECCI\u00d3 1. DISCIPLINA SOCIAL<\/strong><\/p>\n\n\n\n<p>Article 1: Objecte i finalitats<br>Article 2: \u00c0mbit d\u2019aplicaci\u00f3<br>2.1. Personal<br>2.2. Espacial<br>2.3. Temporal<br>Article 3. Drets i Deures<br>3.1. Jugadors<br>3.2. Entrenadors i equip t\u00e8cnic<br>3.3. Pares i mares<br>3.4. Junta directiva<\/p>\n\n\n\n<p><br><strong>SECCI\u00d3 2. INFRACCIONS, FALTES I SANCIONS<\/strong><\/p>\n\n\n\n<p>Article 4. Infraccions<br>4.1. Lleus<br>4.2. Greus<br>4.3. Molt Greus<br>Article 5. Compet\u00e8ncia per a la imposici\u00f3 de sancions.<\/p>\n\n\n\n<p><br><strong>SECCI\u00d3 3. PROCEDIMENT DISCIPLINARI<\/strong><\/p>\n\n\n\n<p>Article 6. Procediment sancionador.<br>Article 7. Sancions.<br>7.1. Sancions per infraccions lleus<br>7.2. Sancions per infraccions greus<br>7.3. Sancions per infraccions molt greus<\/p>\n\n\n\n<p><br><strong>SECCI\u00d3 4. DISPOSICIONS FINALS<\/strong><\/p>\n\n\n\n<p>Article 8. Entrada en vigor<br><\/p>\n\n\n\n<p><br><strong>SECCI\u00d3 1. DISCIPLINA SOCIAL<\/strong><\/p>\n\n\n\n<p><br><strong>Article 1: Objecte i finalitats<\/strong><br>L\u2019objecte d\u2019aquest Reglament \u00e9s definir i regular el funcionament intern del Club B\u00e0squet Vic (en endavant Club) establint un conjunt de normes i procediments generals per afavorir la conviv\u00e8ncia esportiva i social entre els seus membres.<\/p>\n\n\n\n<p>El coneixement, compliment i acceptaci\u00f3 del mateix \u00e9s un requisit indispensable per formar part del Club. El seu desconeixement no els eximir\u00e0 del seu compliment ni constituir\u00e0, si s\u2019escau, una eximent a l\u2019aplicaci\u00f3 de sancions o responsabilitats.<\/p>\n\n\n\n<p><\/p>\n\n\n\n<p><strong>Article 2: \u00c0mbit d\u2019aplicaci\u00f3<\/strong><\/p>\n\n\n\n<p><br><strong>2.1. Personal<\/strong>:<\/p>\n\n\n\n<p>Aquest Reglament \u00e9s d\u2019aplicaci\u00f3 a:<\/p>\n\n\n\n<ol class=\"wp-block-list\"><li>Els esportistes inscrits al Club, des de la formalitzaci\u00f3\u0301 de la seva inscripci\u00f3\u0301 fins a la seva baixa.<\/li><li>Els entrenadors i resta del personal t\u00e8cnic o administratiu del Club durant la seva vinculaci\u00f3\u0301 amb el Club.<\/li><li>Els pares\/mares i\/o tutors legals dels jugadors, d\u2019ara en endavant els representats dels jugadors, des del<br>moment de la inscripci\u00f3\u0301 del seu fill fins a la seva baixa, en aquells aspectes que li siguin aplicables.<\/li><li>Els membres de la Junta Directiva.<\/li><\/ol>\n\n\n\n<p><\/p>\n\n\n\n<p><strong>2.2. Espacial:<\/strong><\/p>\n\n\n\n<p>Les instal\u00b7lacions esportives utilitzades pel Club per a la realitzaci\u00f3\u0301 dels entrenaments i partits s\u00f3n instal\u00b7lacions municipals. Per tant, tenim l\u2019obligaci\u00f3\u0301 de respectar-les i cuidar-les al m\u00e0xim, ja que s\u00f3n propietat de tots els ciutadans de Vic. La conservaci\u00f3\u0301 i bon \u00fas de les instal\u00b7lacions municipals s\u00f3n responsabilitat de les persones que formen part del Club. Aix\u00f2 s\u2019amplia en els despla\u00e7aments a les instal\u00b7lacions d\u2019altres clubs.<\/p>\n\n\n\n<p><\/p>\n\n\n\n<p><strong>2.3. Temporal:<\/strong><\/p>\n\n\n\n<p>S\u2019haur\u00e0\u0300 d\u2019aplicar durant el temps ordinari en qu\u00e8 es desenvolupi la nostra activitat com a Club.<\/p>\n\n\n\n<p><br><strong>Article 3. Drets i Deures<\/strong><\/p>\n\n\n\n<p><br><strong>3.1. Jugadors<\/strong><\/p>\n\n\n\n<ol class=\"wp-block-list\"><li>\u00c9s obligatori l\u2019\u00fas de l\u2019equipament esportiu oficial del Club als partits, tant oficials com amistosos. No es podr\u00e0 sortir al terreny de joc a fer escalfament amb roba esportiva que no sigui l\u2019oficial del Club.<\/li><li>S\u2019acudir\u00e0\u0300 als entrenaments amb la roba d\u2019entrenament adequada i imposada pel Club, mai amb roba de carrer.<\/li><li>La roba esportiva \u00e9s propietat del jugador i \u00e9s la seva responsabilitat mantenir-la en bon estat, ja que dona una imatge corporativa del Club.<\/li><li>Els jugadors han de tenir cura i respectar el material i les instal\u00b7lacions del Club o de qualsevol membre del Club. Igualment els jugadors del Club hauran de respectar les instal\u00b7lacions i el material esportiu dels altres clubs a on es jugui. Qualsevol acci\u00f3, en el nostre club o en els altres, incl\u00fas fora de la pr\u00e0ctica del b\u00e0squet, que impliqui danys econ\u00f2mics, aquests seran acreditats a la persona responsable.<\/li><li>L\u2019assist\u00e8ncia i puntualitat \u00e9s obligat\u00f2ria a tots els entrenaments i partits. \u00c9s obligatori avisar a l\u2019entrenador en cas d\u2019abs\u00e8ncia justificada (lesi\u00f3\u0301, malaltia o altres).<\/li><li>Tots els jugadors, una vegada firmada la fitxa i fins a final de temporada (dia 30\/6 de l\u2019any corresponent), pertanyen al Club a tots els efectes i no podran disputar cap competici\u00f3 oficial, amistosa de tot tipus (inclou 3&#215;3), ni entrenament fora del seu equip a no ser que hagi estat autoritzat pel Director T\u00e8cnic.<\/li><li>Els jugadors tenen el dret d\u2019obtenci\u00f3 de la carta de llibertat en donar-se de baixa del Club, a final de temporada, sempre que s\u2019estigui al corrent del pagament de les quotes.<\/li><li>Les sancions federatives del comit\u00e8 de disciplina que suposin una c\u00e0rrega econ\u00f2mica pel Club han de ser assumides totalment per l\u2019infractor o el seu tutor legal en cas d\u2019\u00e9sser menor.<br><\/li><\/ol>\n\n\n\n<p><strong>3.2 Entrenadors i equip t\u00e8cnic<\/strong><\/p>\n\n\n\n<ol class=\"wp-block-list\"><li>Han de ser puntuals i assistir a tots els entrenaments i partits. S\u00f3n responsables de tot el material propietat del Club que precisi utilitzar per a cada entrenament o partit.<\/li><li>Cada entrenador s\u2019ha de presentar als entrenaments amb suficient antelaci\u00f3\u0301 i preparar el material necessari. <\/li><li>No podran modificar els horaris d\u2019entrenament\/partits sense el coneixement del Coordinador.<\/li><li>Anar als entrenaments, partits oficials o amistosos, amb la roba oficial del Club.<\/li><li>Seguir un proc\u00e9s de formaci\u00f3 permanent necessari per mantenir la qualitat de l\u2019activitat.<\/li><li>Participar en les activitat que organitzi el Club, ja sigui de car\u00e0cter social com esportiva.<\/li><li>Tractar amb respecte a totes les persones implicades en l\u2019activitat que desenvolupen, evitant actituds i gestos que puguin generar aldarulls o mala imatge del Club.<\/li><li>Usar les dades i informaci\u00f3 personal a les que tingui acc\u00e9s \u00fanicament per als objectius de les tasques encomanades.<\/li><li>\u00c9s obligatori portar un control de l\u2019assist\u00e8ncia dels esportistes i entrenadors als entrenaments. Aquesta llista s\u2019haur\u00e0 d\u2019enviar al director t\u00e8cnic en cas que aquest ho sol\u00b7liciti.<\/li><li>\u00c9s obligatori respondre amb rapidesa a les sol\u00b7licituds realitzades pel departament de comunicaci\u00f3 del Club, normalment referent a resultats, cr\u00f2niques, fotos\u2026 de partits, aix\u00ed\u0301 com informar de qualsevol activitat extra que realitzi l\u2019equip.<\/li><li>Els entrenadors no tenen la potestat de fitxar o d\u2019invitar jugadors o altres persones a entrenaments o partits sense l\u2019autoritzaci\u00f3\u0301 del Director T\u00e8cnic del Club.<\/li><li>Formar esportistes i persones, potenciant els valors esportius i humans.<\/li><\/ol>\n\n\n\n<p><\/p>\n\n\n\n<p><strong>3.3 Pares i mares<\/strong><\/p>\n\n\n\n<ol class=\"wp-block-list\"><li>Respectar el treball i decisions dels entrenadors i directors t\u00e8cnics.<\/li><li>Col.laborar amb els seus fills perqu\u00e8 aquests assisteixin amb puntualitat i amb la roba esportiva adequada als entrenaments, partits i activitats organitzades pel Club.<\/li><li>No entrar als vestidors ni abans, ni durant, ni despr\u00e9s dels entrenaments i partit sense perm\u00eds de l\u2019entrenador, si no \u00e9s per causa major.<\/li><li>Durant els desenvolupament dels entrenaments i partits s\u2019abstindr\u00e0 en tot moment d\u2019entrar a la pista, d\u2019aconsellar i donar instruccions a jugadors i entrenadors, aix\u00ed com de criticar en p\u00fablic a aquests.<\/li><li>Aportar la documentaci\u00f3 personal i m\u00e8dica sol.licitada pel Club, sempre relacionada amb l\u2019activitat que ens ocupa.<\/li><li>Assistir a les reunions convocades pel Club.<\/li><li>Mostrar en tot moment una actitud de respecte a jugadors, entrenadors, \u00e0rbitres i pares.<\/li><li>Rebre la informaci\u00f3, per part de l\u2019entrenador o Director T\u00e8cnic, quan aix\u00ed ho sol.licitin, sobre qualsevol aspecte que faci refer\u00e8ncia al seu fill.<\/li><li>Pagar la quota mensual o trimestral corresponent al seu fill.<\/li><\/ol>\n\n\n\n<p><\/p>\n\n\n\n<p><strong>3.4. Junta directiva<\/strong><\/p>\n\n\n\n<ol class=\"wp-block-list\"><li>Governar, gestionar, administrar i representar el club, amb la m\u00e0xima transpar\u00e8ncia.<\/li><li>Participar en les reunions de la Junta.<\/li><li>Marcar les directrius esportives, socials i econ\u00f2miques.<\/li><li>Potenciar la bona relaci\u00f3 amb institucions i Federacions.<\/li><li>Integrar el club a la ciutat, representant aquesta arreu del territori.<\/li><li>Formar esportistes i persones, potenciant els valors esportius i humans.<\/li><li>Guardar secret de les informacions confidencials relatives al Club.<\/li><li>Complir amb els deures comptables i de cust\u00f2dia dels llibres.<\/li><\/ol>\n\n\n\n<p><\/p>\n\n\n\n<p><br><strong>SECCI\u00d3 2. INFRACCIONS, FALTES I SANCIONS<\/strong><\/p>\n\n\n\n<p><strong>Article 4. Infraccions<\/strong><\/p>\n\n\n\n<p>Tot incompliment de les normes establertes en aquest Reglament es considerar\u00e0 una falta, que es graduar\u00e0 com a lleu, greu o molt greu, segons les disposicions d\u2019aquest article.<\/p>\n\n\n\n<p><strong>4.1. S\u00f3n faltes lleus:<\/strong><\/p>\n\n\n\n<ol class=\"wp-block-list\"><li>Les faltes injustificades de puntualitat.<\/li><li>Les faltes injustificades, no reiterades, d&#8217;assist\u00e8ncia a entrenaments i trobades esportives.<\/li><li>La no comunicaci\u00f3 al seu entrenador de qualsevol anomalia o falta d&#8217;assist\u00e8ncia a entrenaments o partits amb la suficient antelaci\u00f3 quan aix\u00f2 sigui possible.<\/li><li>L\u2019actitud passiva en entrenaments i partits.<\/li><li>La falta de respecte a l&#8217;exercici del dret a la pr\u00e0ctica esportiva dels seus companys, aix\u00ed com qualsevol comportament incorrecte i mancat de respecte de car\u00e0cter lleu que es pugui dur a terme en entrenaments, partits i despla\u00e7aments o amb altres esportistes, \u00e0rbitres, entrenadors, p\u00fablic i qualsevol altra persona relacionada amb l&#8217;activitat.<\/li><li>La inadequada utilitzaci\u00f3 i el deteriorament no greu, i causat intencionadament, de les depend\u00e8ncies utilitzades pel Club, del material d&#8217;aquest o dels objectes i pertinences dels altres membres del Club o d&#8217;altres Clubs.<\/li><li>Qualsevol acte injustificat que alteri lleument el normal desenvolupament de les activitats del Club.<\/li><li>La no utilitzaci\u00f3 reiterada de la roba oficial del Club.<\/li><li>L\u2019\u00fas reiterat de vocabulari groller i malsonant a les depend\u00e8ncies del Club.<\/li><li>L\u2019expulsi\u00f3 d\u2019un entrenament o partit, i\/o la sanci\u00f3 amb una falta t\u00e8cnica durant un partit.<\/li><li>La desinformaci\u00f3 per part d\u2019un entrenador al director t\u00e8cnic de qualsevol circumst\u00e0ncia ocorreguda en entrenaments, partits, despla\u00e7aments, etc. que afecti directament a qualsevol membre del Club (jugador, entrenador, directiu, mare\/pare, etc.), como expulsions de partits i entrenaments o enfrontaments verbals.<\/li><li>No mantenir les condicions de neteja.<\/li><li>Fumar, menjar o beure en zones en les quals estigui prohibit.<\/li><li>Cometre infraccions de conducta esportiva qualificades com a lleus per la Llei de l\u2019esport.<\/li><\/ol>\n\n\n\n<p><strong>4.2. S\u00f3n faltes greus:<\/strong><\/p>\n\n\n\n<ol class=\"wp-block-list\"><li>Les faltes injustificades i reiterades d&#8217;assist\u00e8ncia a entrenaments i trobades esportives.<\/li><li>La reiterada i continuada manca de respecte a l&#8217;exercici del dret a la preparaci\u00f3 dels seus companys, aix\u00ed com qualsevol comportament incorrecte i mancat de respecte de car\u00e0cter greu que es pugui dur a terme en entrenaments, partits i despla\u00e7aments o amb altres esportistes, \u00e0rbitres, entrenadors, p\u00fablic i qualsevol altra persona relacionada amb l&#8217;activitat.<\/li><li>Els actes d&#8217;indisciplina, inj\u00faria o ofensa greus als membres del Club i altres en deteriorament de la imatge del Club.<\/li><li>Causar, per \u00fas indegut, danys greus en els objectes i depend\u00e8ncies del Club o en les pertinences dels altres membres del Club o d&#8217;altres Clubs.<\/li><li>Els actes injustificats que alterin greument el normal desenvolupament de les activitats del Club.<\/li><li>Participar en qualsevol activitat esportiva organitzada per un altra club de b\u00e0squet sense l\u2019autoritzaci\u00f3 i consentiment del Club.<\/li><li>L\u2019incompliment de la sanci\u00f3 imposada per haver com\u00e8s una falta lleu.<\/li><li>La sostracci\u00f3 de qualsevol mena de b\u00e9ns, de considerable import, sempre que l\u2019acte no s\u2019hagu\u00e9s efectuat amb viol\u00e8ncia.<\/li><li>Fer fotografies, gravacions o filmacions dins les instal\u00b7lacions, sense perm\u00eds oport\u00fa, i amb finalitats lucratives.<\/li><li>La reincid\u00e8ncia en la desinformaci\u00f3 per part d\u2019un entrenador al Director T\u00e8cnic de qualsevol circumst\u00e0ncia ocorreguda en entrenaments, partits, despla\u00e7aments, etc. que afecti directament a qualsevol membre del Club (jugador, entrenador, directiu, mare\/pare, etc.), como expulsions de partits i entrenaments o enfrontaments verbals.<\/li><li>Insultar oralment o per escrit, fer gestos o utilitzar gr\u00e0fics grollers, amenac\u0327adors o amb l\u2019objectiu d\u2019ofendre.<\/li><li>Cometre infraccions de conducta esportiva qualificades com a greus per la Llei de l\u2019esport.<\/li><li>La comissi\u00f3 de tres faltes lleus durant un mateix curs acad\u00e8mic.<\/li><li>Les infraccions de conducta esportiva qualificades com a greus per la Llei de l\u2019esport.<\/li><\/ol>\n\n\n\n<p><strong>4.3. S\u00f3n faltes molt greus:<\/strong><\/p>\n\n\n\n<ol class=\"wp-block-list\"><li>Discriminar alg\u00fa ja sigui per la seva condici\u00f3 social, econ\u00f2mica, religi\u00f3, pensament pol\u00edtic o filos\u00f2fic, ascend\u00e8ncia \u00e8tnica, nom, nacionalitat, orientaci\u00f3 sexual, discapacitat, defectes f\u00edsics o qualsevol altra circumst\u00e0ncia.<\/li><li>Exhibir, transmetre o difondre per mitjans tecnol\u00f2gics qualsevol conducta de maltractament.<\/li><li>Realitzar assetjament o atac de connotaci\u00f3\u0301 sexual.<\/li><li>La comissi\u00f3 de tres faltes greus durant un mateix curs acad\u00e8mic.<\/li><li>La sostracci\u00f3 de qualsevol mena de b\u00e9ns de valor considerable, si l\u2019acte hagu\u00e9s estat efectuat amb viol\u00e8ncia a les coses o a les persones.<\/li><li>Els actes d&#8217;indisciplina, inj\u00faria o ofensa molt greus als membres del Club i altres en deteriorament de la imatge del Club.<\/li><li>L\u2019exposici\u00f3 p\u00fablica i not\u00f2ria, sigui de manera escrita o verbal (incloses xarxes socials i mitjans de comunicaci\u00f3), de falsedats sobre temes relatius al club que originin el desprestigi del Club o dels seus jugadors, entrenadors, socis, acompanyants\u2026<\/li><li>Les agressions f\u00edsiques o ps\u00edquiques greus i molt greus (insults, amenaces, coaccions\u2026) a membres del Club o altres clubs, \u00e0rbitres, entrenadors\u2026.<\/li><li>Portar, vendre, comprar, distribuir o consumir drogues o subst\u00e0ncies il\u00b7l\u00edcites, o trobar-se sota els efectes d\u2019aquestes subst\u00e0ncies o en estat d\u2019embriaguesa, dins les instal.lacions del Club i\/o en activitats organitzades, coordinades, patrocinades o supervisades pel Club.<\/li><li>La introducci\u00f3 d\u2019objectes perillosos (com ganivets, armes, explosius i d&#8217;altres) dins les instal.lacions del Club, ja sigui aut\u00e8ntiques o amb aparenc\u0327a de ser real.<\/li><li>La introducci\u00f3 i l\u2019exhibici\u00f3 de pancartes, s\u00edmbols, emblemes o llegendes que impliquin incitaci\u00f3 a la viol\u00e8ncia en instal\u00b7lacions o en altres llocs on se celebrin competicions o actes esportius.<\/li><li>El mal \u00fas de les instal\u00b7lacions, el resultat del qual sigui el trencament o deteriorament d&#8217;alguna part o de material o l\u2019embrutiment greu de la instal\u00b7laci\u00f3 o d&#8217;una part.<\/li><li>El trencament de sancions imposades per faltes greus.<\/li><li>L\u2019alteraci\u00f3 maliciosa de dades consignades en documents expedits pel Club aix\u00ed com la disputa d\u2019un partit sense la corresponent llic\u00e8ncia federativa o la utilitzaci\u00f3 de la d\u2019un tercer.<\/li><li>La comissi\u00f3 de qualsevol acte tipificat com a delicte, segons el que disposa el codi penal i les normatives amb qu\u00e8 es complementi.<\/li><li>Les infraccions de conducta esportiva qualificades com a molt greus per la Llei de l\u2019esport.<\/li><\/ol>\n\n\n\n<p><strong>Article 5.- Compet\u00e8ncia per a la imposici\u00f3 de sancions<\/strong><\/p>\n\n\n\n<p>En les faltes considerades lleus ser\u00e0 el director t\u00e8cnic l\u2019encarregat d\u2019establir la sanci\u00f3 corresponent. Per les faltes greus i molt greus ser\u00e0 la Junta Directiva a trav\u00e9s del seu Comit\u00e8 de Disciplina, a inst\u00e0ncia o no del director t\u00e8cnic, l&#8217;encarregada d&#8217;establir les sancions.<\/p>\n\n\n\n<p>El Comit\u00e8 de Disciplina estar\u00e0 format com a m\u00ednim per la meitat dels membres de la Junta Directiva.<\/p>\n\n\n\n<p><\/p>\n\n\n\n<p><br><strong>SECCI\u00d3 3. PROCEDIMENT DISCIPLINARI<\/strong><\/p>\n\n\n\n<p><br><strong>Article 6. Procediment sancionador.<\/strong><\/p>\n\n\n\n<p><strong>6.1.<\/strong> En el cas de faltes greus i molt greus, un membre del Comit\u00e8 de Disciplina ser\u00e0 l\u2019encarregat de comunicar a l\u2019infractor o els seus pares o representants legals, en cas de ser menor d\u2019edat, les faltes que s&#8217;imputen i la proposta de sanci\u00f3 acordada.<br>En el cas de falta lleu aquesta comunicaci\u00f3 la far\u00e0 el propi director t\u00e8cnic o un membre del Comit\u00e8 de Disciplina.<br><strong>6.2.<\/strong> La Junta Directiva, a proposta del Comit\u00e8 de Disciplina, podr\u00e0 decidir la no incoaci\u00f3 de l&#8217;expedient sancionador quan concorrin circumst\u00e0ncies col\u00b7lectives que aix\u00ed ho aconsellin.<br><strong>6.3.<\/strong> En el moment de decidir la resoluci\u00f3 o sobrese\u00efment de l&#8217;expedient disciplinari, i als efectes de graduar l&#8217;aplicaci\u00f3 de les sancions que siguin procedents, es podran tenir en compte les circumst\u00e0ncies personals, familiars o socials de l&#8217;esportista. De la mateixa manera, es podr\u00e0 instar als pares de l&#8217;esportista a adoptar les mesures dirigides a modificar les esmentades circumst\u00e0ncies personals, familiars o socials quan semblin determinants de la conducta de l&#8217;esportista.<br><strong>6.4. <\/strong>Les sancions imposades podran ser recorregudes en al\u00e7ada davant la Junta Directiva, que resoldr\u00e0 sobre les mateixes en la primera reuni\u00f3 que celebri, tant ordin\u00e0ria com extraordin\u00e0ria.<\/p>\n\n\n\n<p><strong>Article 7. Sancions<\/strong><\/p>\n\n\n\n<p>Per ra\u00f3 de les infraccions, es poden imposar les sancions seg\u00fcents:<\/p>\n\n\n\n<p><strong>7.1. Sancions per infraccions lleus<\/strong><br>Corresponen a les infraccions lleus les seg\u00fcents sancions:<\/p>\n\n\n\n<ol class=\"wp-block-list\"><li>L\u2019av\u00eds.<\/li><li>L\u2019amonestaci\u00f3 verbal per part de l\u2019entrenador.<\/li><li>L\u2019amonestaci\u00f3 privada per part del president, director t\u00e8cnic o Junta Directiva.<\/li><li>El pagament dels desperfectes si n&#8217;hi hagu\u00e9s.<\/li><li>Les sancions determinades per la FEB, la FCBQ i\/o la Llei de l\u2019esport per a infraccions lleus.<\/li><li>Amonestaci\u00f3 escrita que ser\u00e0 comunicada als pares, en el cas que l\u2019infractor sigui menor d\u2019edat.<\/li><li>Suspensi\u00f3 de la pr\u00e0ctica esportiva per un temps no superior als 8 dies.<\/li><li>Quan un jugador acumuli m\u00e9s d\u2019una t\u00e8cnica amb reincid\u00e8ncia, el Club es reserven el dret d\u2019imposar al jugador cert tipus de serveis, tant esportius (participar a entrenaments o partits) com tamb\u00e9 d\u2019un tipus de tasca de col\u00b7laboraci\u00f3 amb les diferents activitats del Club.<\/li><\/ol>\n\n\n\n<p><strong>7.2. Sancions per infraccions greus<\/strong><\/p>\n\n\n\n<ol class=\"wp-block-list\"><li>L\u2019amonestaci\u00f3 p\u00fablica, limitada a l\u2019\u00e0mbit social del Club.<\/li><li>Les sancions determinades per la FEB, la FCBQ i\/o la Llei de l\u2019esport per a infraccions greus.<\/li><li>Davant de faltes greus la Junta es reserva el dret d\u2019imposar al jugador una sanci\u00f3 econ\u00f2mica.<\/li><li>Davant de faltes greus la Junta es reserva el dret d\u2019imposar a l\u2019entrenador una sanci\u00f3 econ\u00f2mica corresponen al 50% dels seus ingressos com a entrenador o voluntari.<\/li><li>La p\u00e8rdua del c\u00e0rrec que ocupi dins els \u00f2rgans del club o d\u2019aquells que tingui per la seva condici\u00f3 de soci o s\u00f2cia.<\/li><li>La prohibici\u00f3 d\u2019accedir al recinte esportiu per un per\u00edode d\u2019un mes fins a un m\u00e0xim de sis mesos.<\/li><li>El pagament dels desperfectes si n\u2019hi hagu\u00e9s.<\/li><li>Suspensi\u00f3 de la pr\u00e0ctica esportiva per un temps entre 8 i 30 dies.<\/li><\/ol>\n\n\n\n<p><strong>7.3. Sancions per infraccions molt greus<\/strong><\/p>\n\n\n\n<ol class=\"wp-block-list\"><li>La prohibici\u00f3 d\u2019accedir al recinte esportiu per un per\u00edode de sis mesos a dos anys.<\/li><li>El pagament dels desperfectes si n&#8217;hi hagu\u00e9s.<\/li><li>Les sancions determinades per la FEB, la FCBQ i\/o la Llei de l\u2019esport per a infraccions molt greus.<\/li><li>En cas dels equips s\u00e8niors, i per infraccions imposades per la FEB o per la FCBQ referent a partits de suspensi\u00f3, al jugador o entrenador se\u2019ls imposar\u00e0 una sanci\u00f3 econ\u00f2mica de 50\u20ac per cada partit de suspensi\u00f3. En la resta categories el Club es reserva el dret d\u2019imposar al jugador cert tipus de serveis, tant esportius (participar a entrenaments o partits) com socials (col\u00b7laboraci\u00f3 amb les diferents activitats del Club).<\/li><li>Davant de faltes greus i molt greus la Junta es reserva el dret d\u2019imposar al jugador una sanci\u00f3 econ\u00f2mica.<\/li><li>Davant de faltes greus i molt greus la Junta es reserva el dret d\u2019imposar a l\u2019entrenador una sanci\u00f3 econ\u00f2mica corresponen al 50% dels seus ingressos com a entrenador o voluntari.<\/li><li>Suspensi\u00f3 de la pr\u00e0ctica esportiva per un temps superior als 30 dies, per la totalitat de la temporada, o fins hi tot a perpetu\u00eftat.<\/li><\/ol>\n\n\n\n<p><\/p>\n\n\n\n<p><br><strong>SECCI\u00d3 4. DISPOSICIONS FINALS<\/strong><\/p>\n\n\n\n<p><br><strong>Article 8.- Entrada en vigor<\/strong><\/p>\n\n\n\n<p>El present Reglament de R\u00e8gim Intern entrar\u00e0 en vigor a partir de la data de la seva aprovaci\u00f3 en Junta Directiva.<\/p>\n\n\n\n<p>Les modificacions d\u2019aquest reglament s\u2019aprovaran en Junta Directiva.<\/p>\n\n\n\n<p><br>Vic, a 27 d\u2019abril de 2021<\/p>\n\n\n\n<p><\/p>\n","protected":false},"excerpt":{"rendered":"<p>Reglament de r\u00e8gim intern (en vigor des del 27 d&#8217;abril del 2021) SECCI\u00d3 1. DISCIPLINA SOCIAL Article 1: Objecte i finalitatsArticle 2: \u00c0mbit d\u2019aplicaci\u00f32.1. Personal2.2. Espacial2.3. TemporalArticle 3. Drets i Deures3.1. Jugadors3.2. Entrenadors i equip t\u00e8cnic3.3. Pares i mares3.4. Junta directiva SECCI\u00d3 2. INFRACCIONS, FALTES I SANCIONS Article 4. Infraccions4.1. Lleus4.2. Greus4.3. Molt GreusArticle 5. &hellip; <\/p>\n<p class=\"link-more\"><a href=\"https:\/\/clubbasquetvic.cat\/index.php\/reglament-de-regim-intern\/\" class=\"more-link\">Continuar leyendo<span class=\"screen-reader-text\"> \u00abReglament de r\u00e8gim intern\u00bb<\/span><\/a><\/p>\n","protected":false},"author":1,"featured_media":0,"parent":0,"menu_order":0,"comment_status":"closed","ping_status":"closed","template":"","meta":{"footnotes":""},"class_list":["post-1415","page","type-page","status-publish","hentry"],"_links":{"self":[{"href":"https:\/\/clubbasquetvic.cat\/index.php\/wp-json\/wp\/v2\/pages\/1415"}],"collection":[{"href":"https:\/\/clubbasquetvic.cat\/index.php\/wp-json\/wp\/v2\/pages"}],"about":[{"href":"https:\/\/clubbasquetvic.cat\/index.php\/wp-json\/wp\/v2\/types\/page"}],"author":[{"embeddable":true,"href":"https:\/\/clubbasquetvic.cat\/index.php\/wp-json\/wp\/v2\/users\/1"}],"replies":[{"embeddable":true,"href":"https:\/\/clubbasquetvic.cat\/index.php\/wp-json\/wp\/v2\/comments?post=1415"}],"version-history":[{"count":8,"href":"https:\/\/clubbasquetvic.cat\/index.php\/wp-json\/wp\/v2\/pages\/1415\/revisions"}],"predecessor-version":[{"id":1427,"href":"https:\/\/clubbasquetvic.cat\/index.php\/wp-json\/wp\/v2\/pages\/1415\/revisions\/1427"}],"wp:attachment":[{"href":"https:\/\/clubbasquetvic.cat\/index.php\/wp-json\/wp\/v2\/media?parent=1415"}],"curies":[{"name":"wp","href":"https:\/\/api.w.org\/{rel}","templated":true}]}}